{"id":205,"date":"2020-11-28T15:40:15","date_gmt":"2020-11-28T15:40:15","guid":{"rendered":"https:\/\/fondationalfredkern.ch\/?page_id=205"},"modified":"2021-06-29T18:48:41","modified_gmt":"2021-06-29T18:48:41","slug":"status","status":"publish","type":"page","link":"https:\/\/fondationalfredkern.ch\/?page_id=205","title":{"rendered":"Statuts"},"content":{"rendered":"\n<h4>de FONDATION ALFRED KERN<\/h4>\n\n<p style=\"margin-bottom:1cm;\"><\/p>\n\n<h4>Article 1 &#8211; D\u00e9nomination<\/h4>\n<p>Il est cr\u00e9\u00e9 sous le nom de &#8220;Fondation Alfred Kern&#8221;, une fondation de droit priv\u00e9, d\u00e9sign\u00e9e ci-apr\u00e8s par &#8220;la fondation&#8221; et r\u00e9gie par le pr\u00e9sent acte ainsi que par les articles 80 et suivants du Code civil suisse.<\/p>\n\n<h4>Article 2 &#8211; Si\u00e8ge et dur\u00e9e<\/h4>\n<p>La fondation a son si\u00e8ge \u00e0 Gen\u00e8ve.<br>Sa dur\u00e9e est ind\u00e9termin\u00e9e.<br>Elle est inscrite au Registre du commerce et plac\u00e9e sous la surveillance de l&#8217;autorit\u00e9 comp\u00e9tente.<\/p>\n\n<h4>Article 3 &#8211; But<\/h4>\n<p>La fondation a pour but de venir en aide aux enfants souffrant de handicaps moteur, cognitif ou sensoriel ind\u00e9pendamment de leur origine et dont les familles ne peuvent assurer les th\u00e9rapies et moyens auxiliaires notamment lorsqu&#8217;ils ne sont pas\/plus pris en charge par l&#8217;assurance-maladie et\/ou l&#8217;assurance invalidit\u00e9 et\/ou un organisme officiel de soutien au handicap.<\/p>\n\n<h4>Article 4 &#8211; Moyens<\/h4>\n<p>Pour atteindre son but, la fondation accorde notamment les moyens financiers n\u00e9cessaires \u00e0 l&#8217;obtention soit d&#8217;une aide m\u00e9dicale soit d&#8217;une aide \u00e9ducative avec, dans ce dernier cas, la possibilit\u00e9 d&#8217;octroyer des bourses destin\u00e9es \u00e0 une nouvelle formation devant permettre la meilleure r\u00e9insertion possible dans la vie courante.<\/p>\n\n<h4>Article 5 &#8211; Capital<\/h4>\n<p>Le capital initial de la fondation est de trente mille francs (CHF 30&#8217;000.\u2014).<br>Ce capital comme tous apports de fonds en provenance de la succession de Monsieur Alfred Kern seront r\u00e9put\u00e9s inali\u00e9nables.<\/p>\n\n<h4>Article 6 &#8211; Ressources<\/h4>\n<p>Les ressources de la fondation, seules utilisables en conformit\u00e9 de son but, sont :<br>a) le produit de sa fortune,<br>b) les subventions des pouvoirs publics.<br>La fondation peut aussi recevoir tous dons, legs, lib\u00e9ralit\u00e9s, souscriptions et pr\u00eats que le conseil de fondation est libre d&#8217;accepter ou de refuser.<\/p>\n\n<h4>Article 7 &#8211; Conseil de fondation<\/h4>\n<p>La fondation est administr\u00e9e par un conseil de fondation de quatre \u00e0 six membres.<br>Les membres du conseil de fondation sont d\u00e9sign\u00e9s par cooptation \u00e0 l&#8217;unanimit\u00e9 des cooptants.<br>Les membres du conseil de fondation sont nomm\u00e9s pour une dur\u00e9e de trois ans et ind\u00e9finiment r\u00e9\u00e9ligibles.<br>Le conseil de fondation d\u00e9signe parmi ses membres un pr\u00e9sident, un vice-pr\u00e9sident, un secr\u00e9taire et un tr\u00e9sorier.<br>Tout membre du conseil de fondation peut se retirer en tout temps.<br>Tout membre du conseil de fondation peut \u00eatre r\u00e9voqu\u00e9 en tout temps et avec effet imm\u00e9diat par le conseil de fondation.<\/p>\n\n<h4>Article 8 &#8211; R\u00e9union du conseil de fondation<\/h4>\n<p>Le conseil de fondation se r\u00e9unit aussi souvent que les affaires de la fondation l&#8217;exigent, mais au moins une fois l&#8217;an, sur convocation de son pr\u00e9sident ou de deux de ses membres.<br>Il ne peut valablement d\u00e9lib\u00e9rer que si la majorit\u00e9 de ses membres est pr\u00e9sente.<br>Sous r\u00e9serve des dispositions de l&#8217;article 7 alin\u00e9a 2, il prend ses d\u00e9cisions \u00e0 la majorit\u00e9 des membres pr\u00e9sents; en cas de partage \u00e9gal des voix, celle du pr\u00e9sident est pr\u00e9pond\u00e9rante.<br>Le secr\u00e9taire tient le proc\u00e8s-verbal des s\u00e9ances.<br>Les extraits de proc\u00e8s-verbaux sont sign\u00e9s par deux membres du conseil de fondation.<\/p>\n\n<h4>Article 9 &#8211; Pouvoirs du conseil de fondation<\/h4>\n<p>Le conseil de fondation est investi des pouvoirs les plus \u00e9tendus pour l&#8217;accomplissement du but de la fondation.<br>Il peut, en application du pr\u00e9sent acte, prendre tant par voie r\u00e9glementaire que par voie de d\u00e9cision particuli\u00e8re, toutes dispositions utiles \u00e0 l&#8217;administration de la fondation et, d&#8217;une mani\u00e8re g\u00e9n\u00e9rale, toutes mesures lui permettant d&#8217;atteindre son but et de remplir ses t\u00e2ches; les \u00e9ventuels r\u00e8glements doivent \u00eatre soumis pr\u00e9alablement \u00e0 l&#8217;autorit\u00e9 de surveillance pour approbation.<br>Le conseil de fondation administre les biens de la fondation et en r\u00e8gle l&#8217;emploi librement, sans autres restrictions que celles r\u00e9sultant des pr\u00e9sents statuts et des dispositions l\u00e9gales.<br>D&#8217;une fa\u00e7on g\u00e9n\u00e9rale, il organise l&#8217;appui que peuvent apporter \u00e0 la fondation toutes personnes ou institutions publiques ou priv\u00e9es, notamment par des comit\u00e9s d&#8217;honneur ou de patronage.<br>Un rapport de gestion sera \u00e9tabli chaque ann\u00e9e par le conseil de fondation.<\/p>\n\n<h4>Article 10 &#8211; Repr\u00e9sentation<\/h4>\n<p>La fondation est engag\u00e9e par la signature collective de deux de ses membres.<\/p>\n\n<h4>Article 11 &#8211; Exercice annuel<\/h4>\n<p>L&#8217;exercice annuel prend fin le trente et un d\u00e9cembre de chaque ann\u00e9e.<\/p>\n\n<h4>Article 12 Comptes annuels<\/h4>\n<p>Le conseil de fondation se prononce sur le bilan, le compte de pertes et profits, le rapport de contr\u00f4le et le rapport de gestion qui sont soumis \u00e0 l&#8217;autorit\u00e9 de surveillance dans les six mois suivant la cl\u00f4ture de chaque exercice.<\/p>\n\n<h4>Article 13 &#8211; Contr\u00f4leurs<\/h4>\n<p>Le conseil de fondation d\u00e9signe, pour une p\u00e9riode allant d&#8217;un \u00e0 cinq ans, le ou les contr\u00f4leurs charg\u00e9s de v\u00e9rifier les comptes de la fondation et qui doivent \u00eatre titulaires du dipl\u00f4me f\u00e9d\u00e9ral de comptable ou de celui d&#8217;expert-comptable ou encore \u00eatre membres de l&#8217;un des groupes affili\u00e9s \u00e0 la Chambre suisse pour expertises comptables.<br>Les contr\u00f4leurs doivent \u00eatre choisis en dehors des membres du conseil de fondation.<\/p>\n\n<h4>Article 14 &#8211; Dissolution<\/h4>\n<p>La fondation ne peut \u00eatre dissoute qu&#8217;en application des articles 88 et 89 du Code civil suisse.<br>En cas de dissolution de la fondation, les mesures de liquidation ne peuvent \u00eatre adopt\u00e9es par le conseil de fondation qu&#8217;\u00e0 la majorit\u00e9 des deux tiers (2\/3) de ses membres et seulement apr\u00e8s avoir \u00e9t\u00e9 approuv\u00e9es par l&#8217;autorit\u00e9 de surveillance qui se prononce sur la base d&#8217;un rapport \u00e9crit.<br>En cas de liquidation, les biens de la fondation devront \u00eatre utilis\u00e9s dans des buts analogues \u00e0 celui de ladite fondation et, le cas \u00e9ch\u00e9ant, remis \u00e0 une autre fondation poursuivant un but semblable, d\u00e9sign\u00e9e par le conseil de fondation avec l&#8217;approbation de l&#8217;autorit\u00e9 de surveillance, mais ne pourront en aucun cas faire retour aux autres h\u00e9ritiers du fondateur ni \u00eatre utilis\u00e9s, en tout ou partie et de quelque mani\u00e8re que ce soit, \u00e0 leur profit.<\/p>\n\n<h4>Article 15 &#8211; Modification de l&#8217;acte de fondation<\/h4>\n<p>Sous r\u00e9serve des dispositions pr\u00e9vues aux articles 85 et 86 du Code civil suisse, le pr\u00e9sent acte peut \u00eatre modifi\u00e9 par l&#8217;autorit\u00e9 comp\u00e9tente sur proposition du conseil de fondation adopt\u00e9e \u00e0 la majorit\u00e9 des deux tiers (2\/3) de ses membres.<\/p>\n\n<h4>Article 16 &#8211; Dispositions transitoires<\/h4>\n<p>Exceptionnellement le premier exercice commence le pr\u00e9sent jour pour finir le trente et un d\u00e9cembre mil neuf cent quatre-vingt-neuf.<\/p>\n\n<p style=\"margin-bottom:3cm;\">\nGen\u00e8ve, le 21 f\u00e9vrier 2018 (derni\u00e8re mise \u00e0 jour)<br>\nJean-Marc Delessert &#8211; Charles Turrettini\n<\/p>\n","protected":false},"excerpt":{"rendered":"<p>de FONDATION ALFRED KERN Article 1 &#8211; D\u00e9nomination Il est cr\u00e9\u00e9 sous le nom de &#8220;Fondation Alfred Kern&#8221;, une fondation de droit priv\u00e9, d\u00e9sign\u00e9e ci-apr\u00e8s par &#8220;la fondation&#8221; et r\u00e9gie par le pr\u00e9sent acte ainsi que par les articles 80 [&hellip;]<\/p>\n","protected":false},"author":1,"featured_media":0,"parent":0,"menu_order":0,"comment_status":"closed","ping_status":"closed","template":"","meta":{"footnotes":""},"class_list":["post-205","page","type-page","status-publish","hentry","clearfix"],"_links":{"self":[{"href":"https:\/\/fondationalfredkern.ch\/index.php?rest_route=\/wp\/v2\/pages\/205","targetHints":{"allow":["GET"]}}],"collection":[{"href":"https:\/\/fondationalfredkern.ch\/index.php?rest_route=\/wp\/v2\/pages"}],"about":[{"href":"https:\/\/fondationalfredkern.ch\/index.php?rest_route=\/wp\/v2\/types\/page"}],"author":[{"embeddable":true,"href":"https:\/\/fondationalfredkern.ch\/index.php?rest_route=\/wp\/v2\/users\/1"}],"replies":[{"embeddable":true,"href":"https:\/\/fondationalfredkern.ch\/index.php?rest_route=%2Fwp%2Fv2%2Fcomments&post=205"}],"version-history":[{"count":21,"href":"https:\/\/fondationalfredkern.ch\/index.php?rest_route=\/wp\/v2\/pages\/205\/revisions"}],"predecessor-version":[{"id":427,"href":"https:\/\/fondationalfredkern.ch\/index.php?rest_route=\/wp\/v2\/pages\/205\/revisions\/427"}],"wp:attachment":[{"href":"https:\/\/fondationalfredkern.ch\/index.php?rest_route=%2Fwp%2Fv2%2Fmedia&parent=205"}],"curies":[{"name":"wp","href":"https:\/\/api.w.org\/{rel}","templated":true}]}}