{"id":11,"date":"2020-11-24T22:38:58","date_gmt":"2020-11-24T22:38:58","guid":{"rendered":"https:\/\/fondationalfredkern.ch\/?page_id=11"},"modified":"2022-12-20T20:29:45","modified_gmt":"2022-12-20T20:29:45","slug":"contact","status":"publish","type":"page","link":"https:\/\/fondationalfredkern.ch\/?page_id=11","title":{"rendered":"Contact"},"content":{"rendered":"\n<div class=\"wp-block-columns is-layout-flex wp-container-core-columns-is-layout-9d6595d7 wp-block-columns-is-layout-flex\">\n<div class=\"wp-block-column is-layout-flow wp-block-column-is-layout-flow\" style=\"flex-basis:66.66%\">\n<a href=\"http:\/\/fondationalfredkern.ch\/wp-content\/uploads\/2021\/04\/Form-contact-Fondation-Alfred-Kern-2.pdf\">Formulaire de demande de soutien<\/a>\n\n<p class=\"title-space\"><\/p><h2> Exemples de soutien<\/h2><p><\/p>\n<p>La Fondation Kern soutient des enfants de Clair Bois depuis de nombreuses ann\u00e9es, ceci pour des traitements ou moyens auxiliaires non pris en charge par les assurances. Cela repr\u00e9sente les soutiens les plus importants que la Fondation octroie chaque ann\u00e9e.<\/p>\n<p class=\"exemple-soutien\"> \u25b8 Elle a permis la mise en place de th\u00e9rapie alternative telle que ABA pour un enfant avec un autisme.<\/p>\n<p class=\"exemple-soutien\"> \u25b8 Elle a soutenu le d\u00e9placement d\u2019une famille pour une intervention chirurgicale en dehors de la Suisse afin d\u2019optimiser les chances de l\u2019enfant.\n<\/p>\n<p class=\"exemple-soutien\"> \u25b8 Elle a pris en charge l&#8217;achat d&#8217;un &#8220;standing monkey&#8221; pour Lysiane en 2021. \n<\/p>\n\n\n\n<figure class=\"wp-block-image size-large\"><img loading=\"lazy\" decoding=\"async\" width=\"768\" height=\"1024\" src=\"http:\/\/fondationalfredkern.ch\/wp-content\/uploads\/2022\/12\/20220228_093311-Lysiane-1-768x1024.jpg\" alt=\"\" class=\"wp-image-561\" srcset=\"https:\/\/fondationalfredkern.ch\/wp-content\/uploads\/2022\/12\/20220228_093311-Lysiane-1-768x1024.jpg 768w, https:\/\/fondationalfredkern.ch\/wp-content\/uploads\/2022\/12\/20220228_093311-Lysiane-1-225x300.jpg 225w, https:\/\/fondationalfredkern.ch\/wp-content\/uploads\/2022\/12\/20220228_093311-Lysiane-1-1152x1536.jpg 1152w, https:\/\/fondationalfredkern.ch\/wp-content\/uploads\/2022\/12\/20220228_093311-Lysiane-1-1536x2048.jpg 1536w, https:\/\/fondationalfredkern.ch\/wp-content\/uploads\/2022\/12\/20220228_093311-Lysiane-1-700x933.jpg 700w, https:\/\/fondationalfredkern.ch\/wp-content\/uploads\/2022\/12\/20220228_093311-Lysiane-1-520x693.jpg 520w, https:\/\/fondationalfredkern.ch\/wp-content\/uploads\/2022\/12\/20220228_093311-Lysiane-1-360x480.jpg 360w, https:\/\/fondationalfredkern.ch\/wp-content\/uploads\/2022\/12\/20220228_093311-Lysiane-1-250x333.jpg 250w, https:\/\/fondationalfredkern.ch\/wp-content\/uploads\/2022\/12\/20220228_093311-Lysiane-1-100x133.jpg 100w, https:\/\/fondationalfredkern.ch\/wp-content\/uploads\/2022\/12\/20220228_093311-Lysiane-1-scaled.jpg 1920w\" sizes=\"auto, (max-width: 768px) 100vw, 768px\" \/><\/figure>\n<\/div>\n\n\n\n<div class=\"wp-block-column is-layout-flow wp-block-column-is-layout-flow\" style=\"flex-basis:33.33%\">\n<p class=\"title-space\"><\/p><h2> Nous soutenir <\/h2><p><\/p>\n<p>\nFondation Alfred Kern\n<\/p>\n<p>\nc\/o de Pury Pictet Turrettini &amp; Cie SA\n<\/p>\n<p>\nrue de la Corraterie 12\n<\/p>\n<p>\nCP 5335, 1211 Gen\u00e8ve 1, Suisse\n<\/p>\n<p>\ncontact@fondationalfredkern.ch\n<\/p>\nIBAN: CH03 0027 9279 D110 62480\nUn certificat de don vous sera envoy\u00e9 pour d\u00e9duction des imp\u00f4ts\n<\/div>\n<\/div>\n","protected":false},"excerpt":{"rendered":"<p>Formulaire de demande de soutien Exemples de soutien La Fondation Kern soutient des enfants de Clair Bois depuis de nombreuses ann\u00e9es, ceci pour des traitements ou moyens auxiliaires non pris en charge par les assurances. Cela repr\u00e9sente les soutiens les [&hellip;]<\/p>\n","protected":false},"author":1,"featured_media":0,"parent":0,"menu_order":0,"comment_status":"closed","ping_status":"closed","template":"page-templates\/page_fullwidth.php","meta":{"footnotes":""},"class_list":["post-11","page","type-page","status-publish","hentry","clearfix"],"_links":{"self":[{"href":"https:\/\/fondationalfredkern.ch\/index.php?rest_route=\/wp\/v2\/pages\/11","targetHints":{"allow":["GET"]}}],"collection":[{"href":"https:\/\/fondationalfredkern.ch\/index.php?rest_route=\/wp\/v2\/pages"}],"about":[{"href":"https:\/\/fondationalfredkern.ch\/index.php?rest_route=\/wp\/v2\/types\/page"}],"author":[{"embeddable":true,"href":"https:\/\/fondationalfredkern.ch\/index.php?rest_route=\/wp\/v2\/users\/1"}],"replies":[{"embeddable":true,"href":"https:\/\/fondationalfredkern.ch\/index.php?rest_route=%2Fwp%2Fv2%2Fcomments&post=11"}],"version-history":[{"count":23,"href":"https:\/\/fondationalfredkern.ch\/index.php?rest_route=\/wp\/v2\/pages\/11\/revisions"}],"predecessor-version":[{"id":566,"href":"https:\/\/fondationalfredkern.ch\/index.php?rest_route=\/wp\/v2\/pages\/11\/revisions\/566"}],"wp:attachment":[{"href":"https:\/\/fondationalfredkern.ch\/index.php?rest_route=%2Fwp%2Fv2%2Fmedia&parent=11"}],"curies":[{"name":"wp","href":"https:\/\/api.w.org\/{rel}","templated":true}]}}