{"id":10,"date":"2020-11-24T22:38:58","date_gmt":"2020-11-24T22:38:58","guid":{"rendered":"https:\/\/fondationalfredkern.ch\/?page_id=10"},"modified":"2023-12-25T12:45:14","modified_gmt":"2023-12-25T12:45:14","slug":"about","status":"publish","type":"page","link":"https:\/\/fondationalfredkern.ch\/?page_id=10","title":{"rendered":"La Fondation"},"content":{"rendered":"\n<div class=\"wp-block-columns is-layout-flex wp-container-core-columns-is-layout-9d6595d7 wp-block-columns-is-layout-flex\">\n<div class=\"wp-block-column is-layout-flow wp-block-column-is-layout-flow\" style=\"flex-basis:66.66%\">\n<p class=\"title-space\"><\/p><h2> Historique <\/h2><p><\/p>\n<p>Alfred Kern, banquier priv\u00e9 et diplomate, laisse \u00e0 Gen\u00e8ve le souvenir d\u2019un personnage cultiv\u00e9, \u00e9l\u00e9gant et haut en couleur.<br>\n<br>\nCette visibilit\u00e9 ne l\u2019a pas emp\u00each\u00e9 de consacrer discr\u00e8tement mais g\u00e9n\u00e9reusement ses moyens au soutien des moins favoris\u00e9s.<br>\n<br>\nIl a cultiv\u00e9 cette discr\u00e9tion au point de choisir de constituer sa fondation \u2013 la Fondation Alfred Kern \u2013 non pas de son vivant, mais par testament en 1989. Il n\u2019a d\u2019ailleurs laiss\u00e9 aucune trace \u00e9crite des motifs profonds qui l\u2019ont incit\u00e9 \u00e0 soutenir sp\u00e9cifiquement la cause des familles d\u2019enfants frapp\u00e9s de handicaps. La m\u00e9moire de ses raisons s\u2019est peu \u00e0 peu estomp\u00e9e, \u00e0 mesure que les premiers membres du conseil, au rang desquels on citera Me Jaques Mentha (pr\u00e9sident), Mme Susanne Suter-Stricker (vice-pr\u00e9sidente), M. Jean Miche (tr\u00e9sorier) et Mlle Madeleine Wiedmer (secr\u00e9taire), ont laiss\u00e9 leur place \u00e0 leurs successeurs.<br>\n<br>\nIl n\u2019en demeure pas moins que, depuis plus de 30 ans, gr\u00e2ce \u00e0 la g\u00e9n\u00e9rosit\u00e9 d\u2019Alfred Kern, des repr\u00e9sentants du corps m\u00e9dical, de la soci\u00e9t\u00e9 civile, de la finance et du droit se succ\u00e8dent au conseil de fondation pour aider des familles douloureusement \u00e9prouv\u00e9es par le sort. <\/p>\n\n\n\n<p class=\"title-space\"><\/p><h2> Le Conseil <\/h2><p><\/p>\n<p>Prof. St\u00e9phane Sizonenko, p\u00e9diatre: pr\u00e9sident<\/p>\n<p>M. Henry Morgan, g\u00e9rant de fortune: tr\u00e9sorier<\/p>\n<p>Dr Caroline Menache Starobinski, neurop\u00e9diatre: secr\u00e9taire<\/p>\n<p>Mme Adeline Roguet-Kern, graphoth\u00e9rapeute: membre<\/p>\n<p>Me Antoine Anken, notaire: membre<\/p>\n<p>Mme Solange Gautier, psychologue FSP, sp\u00e9cialis\u00e9e en th\u00e9rapie syst\u00e9mique: membre<\/p>\n\n\n\n<div>\n<a href=\"https:\/\/fondationalfredkern.ch\/?page_id=205\">Vers les statuts complets<\/a>\n<\/div>\n<\/div>\n\n\n\n<div class=\"wp-block-column is-layout-flow wp-block-column-is-layout-flow\" style=\"flex-basis:33.33%\">\n<p class=\"title-space\"><\/p><h2> Nous soutenir <\/h2><p><\/p>\n<p>Fondation Alfred Kern<\/p>\n<p>\nc\/o de Pury Pictet Turrettini &amp; Cie SA\n<\/p>\n<p>\nrue de la Corraterie 12\n<\/p>\n<p>\nCP 5335, 1211 Gen\u00e8ve 1, Suisse\n<\/p>\n<p>\ncontact@fondationalfredkern.ch\n<\/p>\nIBAN: CH03 0027 9279 D110 62480\nUn certificat de don vous sera envoy\u00e9 pour d\u00e9duction des imp\u00f4ts\n<\/div>\n<\/div>\n\n\n\n<div class=\"wp-block-columns is-layout-flex wp-container-core-columns-is-layout-9d6595d7 wp-block-columns-is-layout-flex\">\n<div class=\"wp-block-column is-layout-flow wp-block-column-is-layout-flow\"><\/div>\n<\/div>\n","protected":false},"excerpt":{"rendered":"<p>Historique Alfred Kern, banquier priv\u00e9 et diplomate, laisse \u00e0 Gen\u00e8ve le souvenir d\u2019un personnage cultiv\u00e9, \u00e9l\u00e9gant et haut en couleur. Cette visibilit\u00e9 ne l\u2019a pas emp\u00each\u00e9 de consacrer discr\u00e8tement mais g\u00e9n\u00e9reusement ses moyens au soutien des moins favoris\u00e9s. Il a [&hellip;]<\/p>\n","protected":false},"author":1,"featured_media":0,"parent":0,"menu_order":0,"comment_status":"closed","ping_status":"closed","template":"page-templates\/page_fullwidth.php","meta":{"footnotes":""},"class_list":["post-10","page","type-page","status-publish","hentry","clearfix"],"_links":{"self":[{"href":"https:\/\/fondationalfredkern.ch\/index.php?rest_route=\/wp\/v2\/pages\/10","targetHints":{"allow":["GET"]}}],"collection":[{"href":"https:\/\/fondationalfredkern.ch\/index.php?rest_route=\/wp\/v2\/pages"}],"about":[{"href":"https:\/\/fondationalfredkern.ch\/index.php?rest_route=\/wp\/v2\/types\/page"}],"author":[{"embeddable":true,"href":"https:\/\/fondationalfredkern.ch\/index.php?rest_route=\/wp\/v2\/users\/1"}],"replies":[{"embeddable":true,"href":"https:\/\/fondationalfredkern.ch\/index.php?rest_route=%2Fwp%2Fv2%2Fcomments&post=10"}],"version-history":[{"count":26,"href":"https:\/\/fondationalfredkern.ch\/index.php?rest_route=\/wp\/v2\/pages\/10\/revisions"}],"predecessor-version":[{"id":588,"href":"https:\/\/fondationalfredkern.ch\/index.php?rest_route=\/wp\/v2\/pages\/10\/revisions\/588"}],"wp:attachment":[{"href":"https:\/\/fondationalfredkern.ch\/index.php?rest_route=%2Fwp%2Fv2%2Fmedia&parent=10"}],"curies":[{"name":"wp","href":"https:\/\/api.w.org\/{rel}","templated":true}]}}